{"id":1950,"date":"2020-12-29T14:38:56","date_gmt":"2020-12-29T14:38:56","guid":{"rendered":"https:\/\/miclogistik.de\/aboutus\/"},"modified":"2021-07-03T14:22:13","modified_gmt":"2021-07-03T13:22:13","slug":"aboutus","status":"publish","type":"page","link":"https:\/\/miclogistik.de\/de\/aboutus\/","title":{"rendered":"\u00dcber uns"},"content":{"rendered":"<p>[vc_row el_class=&#8221;vc_hidden-lg vc_hidden-md vc_hidden-sm vc_hidden-xs&#8221;][vc_column]\n\t\t\t<!-- START About Us Slider1 REVOLUTION SLIDER 6.3.5 --><p class=\"rs-p-wp-fix\"><\/p>\n\t\t\t<rs-module-wrap id=\"rev_slider_5_1_wrapper\" data-source=\"gallery\" style=\"background:transparent;padding:0;margin:0px auto;margin-top:0;margin-bottom:0;max-width:;\">\n\t\t\t\t<rs-module id=\"rev_slider_5_1\" style=\"\" data-version=\"6.3.5\">\n\t\t\t\t\t<rs-slides>\n\t\t\t\t\t\t<rs-slide data-key=\"rs-16\" data-title=\"Slide\" data-thumb=\"\/\/miclogistik.de\/wp-content\/uploads\/revslider\/about_us_slider_1_bg-100x50.jpg\" data-anim=\"ei:d;eo:d;s:600;t:fade;sl:d;\">\n\t\t\t\t\t\t\t<img src=\"\/\/miclogistik.de\/wp-content\/uploads\/revslider\/about_us_slider_1_bg.jpg\" title=\"\u00dcber uns\" class=\"rev-slidebg\" data-no-retina>\n<!--\n\t\t\t\t\t\t\t--><rs-layer\n\t\t\t\t\t\t\t\tid=\"slider-5-slide-16-layer-5\" \n\t\t\t\t\t\t\t\tdata-type=\"text\"\n\t\t\t\t\t\t\t\tdata-color=\"rgba(255,255,255,1)\"\n\t\t\t\t\t\t\t\tdata-rsp_ch=\"on\"\n\t\t\t\t\t\t\t\tdata-xy=\"x:66px;y:70px;\"\n\t\t\t\t\t\t\t\tdata-text=\"l:22;\"\n\t\t\t\t\t\t\t\tdata-frame_0=\"tp:600;\"\n\t\t\t\t\t\t\t\tdata-frame_1=\"tp:600;e:power2.inOut;st:500;\"\n\t\t\t\t\t\t\t\tdata-frame_999=\"o:0;tp:600;e:nothing;st:w;\"\n\t\t\t\t\t\t\t\tstyle=\"z-index:5;\"\n\t\t\t\t\t\t\t><span class=\"stm-testimonial secondary_font_color\" style=\"font-size: 75px;\"><\/span> \n\t\t\t\t\t\t\t<\/rs-layer><!--\n\n\t\t\t\t\t\t\t--><rs-layer\n\t\t\t\t\t\t\t\tid=\"slider-5-slide-16-layer-2\" \n\t\t\t\t\t\t\t\tclass=\"STM-Text\"\n\t\t\t\t\t\t\t\tdata-type=\"text\"\n\t\t\t\t\t\t\t\tdata-color=\"rgba(89,89,89,1)\"\n\t\t\t\t\t\t\t\tdata-rsp_ch=\"on\"\n\t\t\t\t\t\t\t\tdata-xy=\"x:159px;y:90px;\"\n\t\t\t\t\t\t\t\tdata-text=\"s:18;l:36;fw:300;\"\n\t\t\t\t\t\t\t\tdata-frame_0=\"tp:600;\"\n\t\t\t\t\t\t\t\tdata-frame_1=\"tp:600;e:power2.inOut;st:500;\"\n\t\t\t\t\t\t\t\tdata-frame_999=\"o:0;tp:600;e:nothing;st:w;\"\n\t\t\t\t\t\t\t\tstyle=\"z-index:6;font-family:Roboto;font-style:italic;\"\n\t\t\t\t\t\t\t>We stay professional and pragmatic and find the <br\/>\nbest solutions! \n\t\t\t\t\t\t\t<\/rs-layer><!--\n\n\t\t\t\t\t\t\t--><rs-layer\n\t\t\t\t\t\t\t\tid=\"slider-5-slide-16-layer-3\" \n\t\t\t\t\t\t\t\tclass=\"STM-Text\"\n\t\t\t\t\t\t\t\tdata-type=\"text\"\n\t\t\t\t\t\t\t\tdata-color=\"rgba(64,64,64,1)\"\n\t\t\t\t\t\t\t\tdata-rsp_ch=\"on\"\n\t\t\t\t\t\t\t\tdata-xy=\"x:160px;y:192px;\"\n\t\t\t\t\t\t\t\tdata-text=\"s:14;l:14;fw:700;\"\n\t\t\t\t\t\t\t\tdata-frame_0=\"tp:600;\"\n\t\t\t\t\t\t\t\tdata-frame_1=\"tp:600;e:power2.inOut;st:500;\"\n\t\t\t\t\t\t\t\tdata-frame_999=\"o:0;tp:600;e:nothing;st:w;\"\n\t\t\t\t\t\t\t\tstyle=\"z-index:7;font-family:Roboto;\"\n\t\t\t\t\t\t\t>JONATHAN BRIGGS \n\t\t\t\t\t\t\t<\/rs-layer><!--\n\n\t\t\t\t\t\t\t--><rs-layer\n\t\t\t\t\t\t\t\tid=\"slider-5-slide-16-layer-4\" \n\t\t\t\t\t\t\t\tclass=\"STM-Text\"\n\t\t\t\t\t\t\t\tdata-type=\"text\"\n\t\t\t\t\t\t\t\tdata-color=\"rgba(128,128,128,1)\"\n\t\t\t\t\t\t\t\tdata-rsp_ch=\"on\"\n\t\t\t\t\t\t\t\tdata-xy=\"x:160px;y:216px;\"\n\t\t\t\t\t\t\t\tdata-text=\"s:14;l:14;\"\n\t\t\t\t\t\t\t\tdata-frame_0=\"tp:600;\"\n\t\t\t\t\t\t\t\tdata-frame_1=\"tp:600;e:power2.inOut;st:500;\"\n\t\t\t\t\t\t\t\tdata-frame_999=\"o:0;tp:600;e:nothing;st:w;\"\n\t\t\t\t\t\t\t\tstyle=\"z-index:8;font-family:Roboto;\"\n\t\t\t\t\t\t\t>Fouder & CEO \n\t\t\t\t\t\t\t<\/rs-layer><!--\n-->\t\t\t\t\t\t<\/rs-slide>\n\t\t\t\t\t\t<rs-slide data-key=\"rs-17\" data-title=\"Slide\" data-thumb=\"\/\/miclogistik.de\/wp-content\/uploads\/revslider\/about_us_slider_2_bg-100x50.jpg\" data-anim=\"ei:d;eo:d;s:600;t:fade;sl:d;\">\n\t\t\t\t\t\t\t<img src=\"\/\/miclogistik.de\/wp-content\/uploads\/revslider\/about_us_slider_2_bg.jpg\" title=\"\u00dcber uns\" class=\"rev-slidebg\" data-no-retina>\n<!--\n\t\t\t\t\t\t\t--><rs-layer\n\t\t\t\t\t\t\t\tid=\"slider-5-slide-17-layer-5\" \n\t\t\t\t\t\t\t\tdata-type=\"text\"\n\t\t\t\t\t\t\t\tdata-color=\"rgba(255,255,255,1)\"\n\t\t\t\t\t\t\t\tdata-rsp_ch=\"on\"\n\t\t\t\t\t\t\t\tdata-xy=\"x:66px;y:70px;\"\n\t\t\t\t\t\t\t\tdata-text=\"l:22;\"\n\t\t\t\t\t\t\t\tdata-frame_0=\"tp:600;\"\n\t\t\t\t\t\t\t\tdata-frame_1=\"tp:600;e:power2.inOut;st:500;\"\n\t\t\t\t\t\t\t\tdata-frame_999=\"o:0;tp:600;e:nothing;st:w;\"\n\t\t\t\t\t\t\t\tstyle=\"z-index:5;\"\n\t\t\t\t\t\t\t><span class=\"stm-testimonial secondary_font_color\" style=\"font-size: 75px;\"><\/span> \n\t\t\t\t\t\t\t<\/rs-layer><!--\n\n\t\t\t\t\t\t\t--><rs-layer\n\t\t\t\t\t\t\t\tid=\"slider-5-slide-17-layer-2\" \n\t\t\t\t\t\t\t\tclass=\"STM-Text\"\n\t\t\t\t\t\t\t\tdata-type=\"text\"\n\t\t\t\t\t\t\t\tdata-color=\"rgba(89,89,89,1)\"\n\t\t\t\t\t\t\t\tdata-rsp_ch=\"on\"\n\t\t\t\t\t\t\t\tdata-xy=\"x:159px;y:90px;\"\n\t\t\t\t\t\t\t\tdata-text=\"s:18;l:36;fw:300;\"\n\t\t\t\t\t\t\t\tdata-frame_0=\"tp:600;\"\n\t\t\t\t\t\t\t\tdata-frame_1=\"tp:600;e:power2.inOut;st:500;\"\n\t\t\t\t\t\t\t\tdata-frame_999=\"o:0;tp:600;e:nothing;st:w;\"\n\t\t\t\t\t\t\t\tstyle=\"z-index:6;font-family:Roboto;font-style:italic;\"\n\t\t\t\t\t\t\t>We stay professional and pragmatic and find the <br\/>\nbest solutions! \n\t\t\t\t\t\t\t<\/rs-layer><!--\n\n\t\t\t\t\t\t\t--><rs-layer\n\t\t\t\t\t\t\t\tid=\"slider-5-slide-17-layer-3\" \n\t\t\t\t\t\t\t\tclass=\"STM-Text\"\n\t\t\t\t\t\t\t\tdata-type=\"text\"\n\t\t\t\t\t\t\t\tdata-color=\"rgba(64,64,64,1)\"\n\t\t\t\t\t\t\t\tdata-rsp_ch=\"on\"\n\t\t\t\t\t\t\t\tdata-xy=\"x:160px;y:192px;\"\n\t\t\t\t\t\t\t\tdata-text=\"s:14;l:14;fw:700;\"\n\t\t\t\t\t\t\t\tdata-frame_0=\"tp:600;\"\n\t\t\t\t\t\t\t\tdata-frame_1=\"tp:600;e:power2.inOut;st:500;\"\n\t\t\t\t\t\t\t\tdata-frame_999=\"o:0;tp:600;e:nothing;st:w;\"\n\t\t\t\t\t\t\t\tstyle=\"z-index:7;font-family:Roboto;\"\n\t\t\t\t\t\t\t>JONATHAN BRIGGS \n\t\t\t\t\t\t\t<\/rs-layer><!--\n\n\t\t\t\t\t\t\t--><rs-layer\n\t\t\t\t\t\t\t\tid=\"slider-5-slide-17-layer-4\" \n\t\t\t\t\t\t\t\tclass=\"STM-Text\"\n\t\t\t\t\t\t\t\tdata-type=\"text\"\n\t\t\t\t\t\t\t\tdata-color=\"rgba(128,128,128,1)\"\n\t\t\t\t\t\t\t\tdata-rsp_ch=\"on\"\n\t\t\t\t\t\t\t\tdata-xy=\"x:160px;y:216px;\"\n\t\t\t\t\t\t\t\tdata-text=\"s:14;l:14;\"\n\t\t\t\t\t\t\t\tdata-frame_0=\"tp:600;\"\n\t\t\t\t\t\t\t\tdata-frame_1=\"tp:600;e:power2.inOut;st:500;\"\n\t\t\t\t\t\t\t\tdata-frame_999=\"o:0;tp:600;e:nothing;st:w;\"\n\t\t\t\t\t\t\t\tstyle=\"z-index:8;font-family:Roboto;\"\n\t\t\t\t\t\t\t>Fouder & CEO \n\t\t\t\t\t\t\t<\/rs-layer><!--\n-->\t\t\t\t\t\t<\/rs-slide>\n\t\t\t\t\t\t<rs-slide data-key=\"rs-18\" data-title=\"Slide\" data-thumb=\"\/\/miclogistik.de\/wp-content\/uploads\/revslider\/about_us_slider_3_bg-100x50.jpg\" data-anim=\"ei:d;eo:d;s:600;t:fade;sl:d;\">\n\t\t\t\t\t\t\t<img src=\"\/\/miclogistik.de\/wp-content\/uploads\/revslider\/about_us_slider_3_bg.jpg\" title=\"\u00dcber uns\" class=\"rev-slidebg\" data-no-retina>\n<!--\n\t\t\t\t\t\t\t--><rs-layer\n\t\t\t\t\t\t\t\tid=\"slider-5-slide-18-layer-5\" \n\t\t\t\t\t\t\t\tdata-type=\"text\"\n\t\t\t\t\t\t\t\tdata-color=\"rgba(255,255,255,1)\"\n\t\t\t\t\t\t\t\tdata-rsp_ch=\"on\"\n\t\t\t\t\t\t\t\tdata-xy=\"x:66px;y:70px;\"\n\t\t\t\t\t\t\t\tdata-text=\"l:22;\"\n\t\t\t\t\t\t\t\tdata-frame_0=\"tp:600;\"\n\t\t\t\t\t\t\t\tdata-frame_1=\"tp:600;e:power2.inOut;st:500;\"\n\t\t\t\t\t\t\t\tdata-frame_999=\"o:0;tp:600;e:nothing;st:w;\"\n\t\t\t\t\t\t\t\tstyle=\"z-index:5;\"\n\t\t\t\t\t\t\t><span class=\"stm-testimonial secondary_font_color\" style=\"font-size: 75px;\"><\/span> \n\t\t\t\t\t\t\t<\/rs-layer><!--\n\n\t\t\t\t\t\t\t--><rs-layer\n\t\t\t\t\t\t\t\tid=\"slider-5-slide-18-layer-2\" \n\t\t\t\t\t\t\t\tclass=\"STM-Text\"\n\t\t\t\t\t\t\t\tdata-type=\"text\"\n\t\t\t\t\t\t\t\tdata-color=\"rgba(89,89,89,1)\"\n\t\t\t\t\t\t\t\tdata-rsp_ch=\"on\"\n\t\t\t\t\t\t\t\tdata-xy=\"x:159px;y:90px;\"\n\t\t\t\t\t\t\t\tdata-text=\"s:18;l:36;fw:300;\"\n\t\t\t\t\t\t\t\tdata-frame_0=\"tp:600;\"\n\t\t\t\t\t\t\t\tdata-frame_1=\"tp:600;e:power2.inOut;st:500;\"\n\t\t\t\t\t\t\t\tdata-frame_999=\"o:0;tp:600;e:nothing;st:w;\"\n\t\t\t\t\t\t\t\tstyle=\"z-index:6;font-family:Roboto;font-style:italic;\"\n\t\t\t\t\t\t\t>We stay professional and pragmatic and find the <br\/>\nbest solutions! \n\t\t\t\t\t\t\t<\/rs-layer><!--\n\n\t\t\t\t\t\t\t--><rs-layer\n\t\t\t\t\t\t\t\tid=\"slider-5-slide-18-layer-3\" \n\t\t\t\t\t\t\t\tclass=\"STM-Text\"\n\t\t\t\t\t\t\t\tdata-type=\"text\"\n\t\t\t\t\t\t\t\tdata-color=\"rgba(64,64,64,1)\"\n\t\t\t\t\t\t\t\tdata-rsp_ch=\"on\"\n\t\t\t\t\t\t\t\tdata-xy=\"x:160px;y:192px;\"\n\t\t\t\t\t\t\t\tdata-text=\"s:14;l:14;fw:700;\"\n\t\t\t\t\t\t\t\tdata-frame_0=\"tp:600;\"\n\t\t\t\t\t\t\t\tdata-frame_1=\"tp:600;e:power2.inOut;st:500;\"\n\t\t\t\t\t\t\t\tdata-frame_999=\"o:0;tp:600;e:nothing;st:w;\"\n\t\t\t\t\t\t\t\tstyle=\"z-index:7;font-family:Roboto;\"\n\t\t\t\t\t\t\t>JONATHAN BRIGGS \n\t\t\t\t\t\t\t<\/rs-layer><!--\n\n\t\t\t\t\t\t\t--><rs-layer\n\t\t\t\t\t\t\t\tid=\"slider-5-slide-18-layer-4\" \n\t\t\t\t\t\t\t\tclass=\"STM-Text\"\n\t\t\t\t\t\t\t\tdata-type=\"text\"\n\t\t\t\t\t\t\t\tdata-color=\"rgba(128,128,128,1)\"\n\t\t\t\t\t\t\t\tdata-rsp_ch=\"on\"\n\t\t\t\t\t\t\t\tdata-xy=\"x:160px;y:216px;\"\n\t\t\t\t\t\t\t\tdata-text=\"s:14;l:14;\"\n\t\t\t\t\t\t\t\tdata-frame_0=\"tp:600;\"\n\t\t\t\t\t\t\t\tdata-frame_1=\"tp:600;e:power2.inOut;st:500;\"\n\t\t\t\t\t\t\t\tdata-frame_999=\"o:0;tp:600;e:nothing;st:w;\"\n\t\t\t\t\t\t\t\tstyle=\"z-index:8;font-family:Roboto;\"\n\t\t\t\t\t\t\t>Fouder & CEO \n\t\t\t\t\t\t\t<\/rs-layer><!--\n-->\t\t\t\t\t\t<\/rs-slide>\n\t\t\t\t\t<\/rs-slides>\n\t\t\t\t<\/rs-module>\n\t\t\t\t<script type=\"text\/javascript\">\n\t\t\t\t\tsetREVStartSize({c: 'rev_slider_5_1',rl:[1240,1024,778,480],el:[],gw:[825],gh:[340],type:'standard',justify:'',layout:'fullwidth',mh:\"0\"});\n\t\t\t\t\tvar\trevapi5,\n\t\t\t\t\t\ttpj;\n\t\t\t\t\tfunction revinit_revslider51() {\n\t\t\t\t\tjQuery(function() {\n\t\t\t\t\t\ttpj = jQuery;\n\t\t\t\t\t\trevapi5 = tpj(\"#rev_slider_5_1\");\n\t\t\t\t\t\tif(revapi5==undefined || revapi5.revolution == undefined){\n\t\t\t\t\t\t\trevslider_showDoubleJqueryError(\"rev_slider_5_1\");\n\t\t\t\t\t\t}else{\n\t\t\t\t\t\t\trevapi5.revolution({\n\t\t\t\t\t\t\t\tvisibilityLevels:\"1240,1024,778,480\",\n\t\t\t\t\t\t\t\tgridwidth:825,\n\t\t\t\t\t\t\t\tgridheight:340,\n\t\t\t\t\t\t\t\tspinner:\"spinner0\",\n\t\t\t\t\t\t\t\tperspectiveType:\"local\",\n\t\t\t\t\t\t\t\tresponsiveLevels:\"1240,1024,778,480\",\n\t\t\t\t\t\t\t\tprogressBar:{disableProgressBar:true},\n\t\t\t\t\t\t\t\tnavigation: {\n\t\t\t\t\t\t\t\t\tmouseScrollNavigation:false,\n\t\t\t\t\t\t\t\t\tonHoverStop:false,\n\t\t\t\t\t\t\t\t\tbullets: {\n\t\t\t\t\t\t\t\t\t\tenable:true,\n\t\t\t\t\t\t\t\t\t\ttmp:\"\",\n\t\t\t\t\t\t\t\t\t\tstyle:\"hermes\",\n\t\t\t\t\t\t\t\t\t\th_align:\"left\",\n\t\t\t\t\t\t\t\t\t\th_offset:160,\n\t\t\t\t\t\t\t\t\t\tv_offset:54,\n\t\t\t\t\t\t\t\t\t\tspace:20\n\t\t\t\t\t\t\t\t\t}\n\t\t\t\t\t\t\t\t},\n\t\t\t\t\t\t\t\tfallbacks: {\n\t\t\t\t\t\t\t\t\tallowHTML5AutoPlayOnAndroid:true\n\t\t\t\t\t\t\t\t},\n\t\t\t\t\t\t\t});\n\t\t\t\t\t\t}\n\t\t\t\t\t\t\n\t\t\t\t\t});\n\t\t\t\t\t} \/\/ End of RevInitScript\n\t\t\t\tvar once_revslider51 = false;\n\t\t\t\tif (document.readyState === \"loading\") {document.addEventListener('readystatechange',function() { if((document.readyState === \"interactive\" || document.readyState === \"complete\") && !once_revslider51 ) { once_revslider51 = true; revinit_revslider51();}});} else {once_revslider51 = true; revinit_revslider51();}\n\t\t\t\t<\/script>\n\t\t\t\t<script>\n\t\t\t\t\tvar htmlDivCss = unescape(\"%23rev_slider_5_1_wrapper%20.hermes.tp-bullets%20%7B%0A%7D%0A%0A%23rev_slider_5_1_wrapper%20.hermes%20.tp-bullet%20%7B%0A%20%20%20%20overflow%3Ahidden%3B%0A%20%20%20%20border-radius%3A50%25%3B%0A%20%20%20%20width%3A16px%3B%0A%20%20%20%20height%3A16px%3B%0A%20%20%20%20background-color%3A%20rgba%280%2C%200%2C%200%2C%200%29%3B%0A%20%20%20%20box-shadow%3A%20inset%200%200%200%202px%20%23ffffff%3B%0A%20%20%20%20-webkit-transition%3A%20background%200.3s%20ease%3B%0A%20%20%20%20transition%3A%20background%200.3s%20ease%3B%0A%20%20%20%20position%3Aabsolute%3B%0A%7D%0A%0A%23rev_slider_5_1_wrapper%20.hermes%20.tp-bullet%3Ahover%20%7B%0A%09%20%20background-color%3A%20rgba%280%2C0%2C0%2C0.21%29%3B%0A%7D%0A%23rev_slider_5_1_wrapper%20.hermes%20.tp-bullet%3Aafter%20%7B%0A%20%20content%3A%20%27%20%27%3B%0A%20%20position%3A%20absolute%3B%0A%20%20bottom%3A%200%3B%0A%20%20height%3A%200%3B%0A%20%20left%3A%200%3B%0A%20%20width%3A%20100%25%3B%0A%20%20background-color%3A%20%23ffffff%3B%0A%20%20box-shadow%3A%200%200%201px%20%23ffffff%3B%0A%20%20-webkit-transition%3A%20height%200.3s%20ease%3B%0A%20%20transition%3A%20height%200.3s%20ease%3B%0A%7D%0A%23rev_slider_5_1_wrapper%20.hermes%20.tp-bullet.selected%3Aafter%20%7B%0A%20%20height%3A100%25%3B%0A%7D%0A%0A\");\n\t\t\t\t\tvar htmlDiv = document.getElementById('rs-plugin-settings-inline-css');\n\t\t\t\t\tif(htmlDiv) {\n\t\t\t\t\t\thtmlDiv.innerHTML = htmlDiv.innerHTML + htmlDivCss;\n\t\t\t\t\t}else{\n\t\t\t\t\t\tvar htmlDiv = document.createElement('div');\n\t\t\t\t\t\thtmlDiv.innerHTML = '<style>' + htmlDivCss + '<\/style>';\n\t\t\t\t\t\tdocument.getElementsByTagName('head')[0].appendChild(htmlDiv.childNodes[0]);\n\t\t\t\t\t}\n\t\t\t\t<\/script>\n\t\t\t\t<script>\n\t\t\t\t\tvar htmlDivCss = unescape(\"%0A%0A%0A\");\n\t\t\t\t\tvar htmlDiv = document.getElementById('rs-plugin-settings-inline-css');\n\t\t\t\t\tif(htmlDiv) {\n\t\t\t\t\t\thtmlDiv.innerHTML = htmlDiv.innerHTML + htmlDivCss;\n\t\t\t\t\t}else{\n\t\t\t\t\t\tvar htmlDiv = document.createElement('div');\n\t\t\t\t\t\thtmlDiv.innerHTML = '<style>' + htmlDivCss + '<\/style>';\n\t\t\t\t\t\tdocument.getElementsByTagName('head')[0].appendChild(htmlDiv.childNodes[0]);\n\t\t\t\t\t}\n\t\t\t\t<\/script>\n\t\t\t<\/rs-module-wrap>\n\t\t\t<!-- END REVOLUTION SLIDER -->\n[\/vc_column][\/vc_row][vc_row full_width=&#8221;stretch_row&#8221; css=&#8221;.vc_custom_1611606466994{padding-bottom: 70px !important;}&#8221;][vc_column]<! ========= Cool Timeline Free 2.0.6 =========><div class=\"cool_timeline cool-timeline-wrapper compact-wrapper white-timeline-wrapper default-skin-tm\"><h2 class=\"timeline-main-title center-block\">Timeline<\/h2><div class=\"cool-timeline white-timeline ultimate-style compact-wrapper compact compact\"><div data-animations=\"fade-up\"  id=\"ctl-free-one\" class=\"cooltimeline_cont  clearfix icons_no\"><div class=\"center-line\">\r\n            <\/div><!-- .timeline-post-start--><div  class=\"timeline-post even light-grey-post icons_no timeline-mansory default-skin\"  id=\"story-2073\"><div  data-aos=\"fade-up\" class=\"timeline-icon icon-dot-full\"><div class=\"timeline-bar\"><\/div><\/div><div  data-aos=\"fade-up\" class=\"timeline-content clearfix\"><h2 class=\"content-title\">1999<\/h2><div class=\"ctl_info event-description \"><div class=\"pull-left\"><a title=\"FEIDA\"  href=\"https:\/\/miclogistik.de\/wp-content\/uploads\/2021\/01\/feida_logo.jpg\" class=\"ctl_prettyPhoto\"><img width=\"260\" height=\"139\" src=\"https:\/\/miclogistik.de\/wp-content\/uploads\/2021\/01\/feida_logo.jpg\" class=\"story-img left_small wp-post-image\" alt=\"FEIDA\" loading=\"lazy\" \/><\/a><\/div><div class=\"content-details\"><h3 class=\"content-title-cmt\">FEIDA<\/h3><p>Gegr\u00fcndet im Jahr 1999 in Nordrhein-Westfalen, Deutschland, mit Sitz in Deutschland und West, strahlt der Verkauf von Bohrern in Europa, mit einem durchschnittlichen Jahresumsatz von fast 200 Millionen RMB.<\/p>\n<\/div><\/div><\/div><!-- timeline content --><\/div><!-- .timeline-post-end --><!-- .timeline-post-start--><div  class=\"timeline-post odd light-grey-post icons_no timeline-mansory default-skin\"  id=\"story-2075\"><div  data-aos=\"fade-up\" class=\"timeline-icon icon-dot-full\"><div class=\"timeline-bar\"><\/div><\/div><div  data-aos=\"fade-up\" class=\"timeline-content clearfix\"><h2 class=\"content-title\">2007<\/h2><div class=\"ctl_info event-description \"><div class=\"pull-left\"><a title=\"Drillcraft\"  href=\"https:\/\/miclogistik.de\/wp-content\/uploads\/2021\/01\/drillcraft.jpg\" class=\"ctl_prettyPhoto\"><img width=\"260\" height=\"139\" src=\"https:\/\/miclogistik.de\/wp-content\/uploads\/2021\/01\/drillcraft.jpg\" class=\"story-img left_small wp-post-image\" alt=\"Drillcraft\" loading=\"lazy\" \/><\/a><\/div><div class=\"content-details\"><h3 class=\"content-title-cmt\">Drillcraft<\/h3><p>Gegr\u00fcndet im Jahr 2007 in Nordrhein-Westfalen, die wichtigsten Produkte sind Elektrowerkzeug-Zubeh\u00f6r, erg\u00e4nzend zu Feida Marke, dienen europ\u00e4ischen verwandten Kunden, derzeit 8 Team-Mitglieder.<\/p>\n<\/div><\/div><\/div><!-- timeline content --><\/div><!-- .timeline-post-end --><!-- .timeline-post-start--><div  class=\"timeline-post even light-grey-post icons_no timeline-mansory default-skin\"  id=\"story-2077\"><div  data-aos=\"fade-up\" class=\"timeline-icon icon-dot-full\"><div class=\"timeline-bar\"><\/div><\/div><div  data-aos=\"fade-up\" class=\"timeline-content clearfix\"><h2 class=\"content-title\">2012<\/h2><div class=\"ctl_info event-description \"><div class=\"content-details\"><h3 class=\"content-title-cmt\">MIC GmbH<\/h3><p>Gegr\u00fcndet 2012 in Nordrhein-Westfalen, besch\u00e4ftigt sich mit dem Im- und Exporthandel und der Beratung f\u00fcr Werkzeuge, Bohrer und andere verwandte Produkte, wobei der Schwerpunkt auf der Unterst\u00fctzung des Feida- und Drillcraft-Gesch\u00e4fts liegt.<\/p>\n<\/div><\/div><\/div><!-- timeline content --><\/div><!-- .timeline-post-end --><!-- .timeline-post-start--><div  class=\"timeline-post odd light-grey-post icons_no timeline-mansory default-skin\"  id=\"story-2079\"><div  data-aos=\"fade-up\" class=\"timeline-icon icon-dot-full\"><div class=\"timeline-bar\"><\/div><\/div><div  data-aos=\"fade-up\" class=\"timeline-content clearfix\"><h2 class=\"content-title\">2021<\/h2><div class=\"ctl_info event-description \"><div class=\"pull-left\"><a title=\"MIC Logistik\"  href=\"https:\/\/miclogistik.de\/wp-content\/uploads\/2021\/01\/mic_logo_klein.jpg\" class=\"ctl_prettyPhoto\"><img width=\"260\" height=\"139\" src=\"https:\/\/miclogistik.de\/wp-content\/uploads\/2021\/01\/mic_logo_klein.jpg\" class=\"story-img left_small wp-post-image\" alt=\"MIC Logistik\" loading=\"lazy\" \/><\/a><\/div><div class=\"content-details\"><h3 class=\"content-title-cmt\">MIC Logistik<\/h3><p>Das 2020 in Nordrhein-Westfalen gegr\u00fcndete Unternehmen MIC LOGISTIK bietet B2B- und B2C-Kunden logistische Infrastruktur, logistische Beratungsleistungen, Vertrieb von Logistikprodukten und umfassende Dienstleistungen f\u00fcr den Aufbau europ\u00e4ischer Logistikplattformen.<\/p>\n<\/div><\/div><\/div><!-- timeline content --><\/div><!-- .timeline-post-end --><\/div><div class=\"clearfix\"><\/div><\/div> <\/div><!-- end\r\n \t\t================================================== -->[\/vc_column][\/vc_row][vc_row full_width=&#8221;stretch_row&#8221; css=&#8221;.vc_custom_1611606504241{padding-top: 70px !important;padding-bottom: 70px !important;background-color: #f4f4f4 !important;}&#8221;][vc_column width=&#8221;1\/2&#8243;][vc_column_text]<\/p>\n<h3>Unternehmen Vision<\/h3>\n<p>Es zielt darauf ab, B2B- oder B2C-Unternehmen wie chinesische innovative Markenunternehmen, grenz\u00fcberschreitende E-Commerce-Unternehmen und unabh\u00e4ngige Stationen, die planen, ihr Gesch\u00e4ft in Europa kr\u00e4ftig zu erweitern, zu begleiten; eine integrierte, sichtbare und vernetzte digitale Serviceplattform f\u00fcr die europ\u00e4ische Logistik aufzubauen, die Gesch\u00e4ftsexpansion der Kunden in Europa zu unterst\u00fctzen, die lokale Wettbewerbsf\u00e4higkeit und das Serviceniveau zu verbessern und ein gesundes und konformes Handelsumfeld f\u00fcr Kunden zu schaffen.[\/vc_column_text][\/vc_column][vc_column width=&#8221;1\/2&#8243;][vc_single_image image=&#8221;1303&#8243; img_size=&#8221;full&#8221; alignment=&#8221;center&#8221;][\/vc_column][\/vc_row][vc_row full_width=&#8221;stretch_row&#8221; css=&#8221;.vc_custom_1611606632179{padding-top: 70px !important;padding-bottom: 70px !important;}&#8221;][vc_column width=&#8221;1\/2&#8243;][vc_single_image image=&#8221;1668&#8243; img_size=&#8221;full&#8221; alignment=&#8221;center&#8221;][\/vc_column][vc_column width=&#8221;1\/2&#8243;][vc_column_text]<\/p>\n<h3>Orientierung<\/h3>\n<p>Das Unternehmen h\u00e4lt sich an das Servicekonzept &#8220;Service mit Herz, Kooperation und Win-Win; Qualit\u00e4t, Sicherheit, Compliance und Vertrauensw\u00fcrdigkeit&#8221;, nimmt das grundlegende Logistikgesch\u00e4ft und logistikbezogene Gesch\u00e4ftsberatungsdienste als Kern, schafft eine integrierte gemeinsame Serviceplattform f\u00fcr alle Partner und Logistikknoten (H\u00e4ndler, Kunden, Partner, Servicepersonal usw.) und expandiert schrittweise im Bereich der Logistik Wir werden unser Gesch\u00e4ft im Bereich der Logistik schrittweise ausbauen, wie z.B. Verkauf und Service von verwandten Produkten, Interpretation und Beratung zur Einhaltung der EU-Handelsbestimmungen und Aufbau einer digitalen Logistikplattform, um ein zuverl\u00e4ssiger und umfassender Logistikservice und strategischer Partner f\u00fcr chinesische Unternehmen in Europa zu werden.[\/vc_column_text][\/vc_column][\/vc_row][vc_row full_width=&#8221;stretch_row&#8221; css=&#8221;.vc_custom_1611606754155{padding-top: 50px !important;padding-bottom: 50px !important;background-color: #f4f4f4 !important;}&#8221;][vc_column][vc_custom_heading text=&#8221;Unsere Partner&#8221; google_fonts=&#8221;font_family:Titillium%20Web%3A200%2C200italic%2C300%2C300italic%2Cregular%2Citalic%2C600%2C600italic%2C700%2C700italic%2C900|font_style:300%20light%20regular%3A300%3Anormal&#8221;][stm_image_carousel img_size=&#8221;300&#215;150&#8243; autoplay=&#8221;yes&#8221; timeout=&#8221;4000&#8243; items_mobile=&#8221;2&#8243; images=&#8221;1749,1750,1751,1752,1753,1754,1755,1756,1757&#8243;][\/vc_column][\/vc_row]<\/p>\n","protected":false},"excerpt":{"rendered":"<p>[vc_row el_class=&#8221;vc_hidden-lg vc_hidden-md vc_hidden-sm vc_hidden-xs&#8221;][vc_column][\/vc_column][\/vc_row][vc_row full_width=&#8221;stretch_row&#8221; css=&#8221;.vc_custom_1611606466994{padding-bottom: 70px !important;}&#8221;][vc_column][\/vc_column][\/vc_row][vc_row full_width=&#8221;stretch_row&#8221; css=&#8221;.vc_custom_1611606504241{padding-top: 70px !important;padding-bottom: 70px !important;background-color: #f4f4f4 !important;}&#8221;][vc_column width=&#8221;1\/2&#8243;][vc_column_text] Unternehmen Vision Es zielt darauf ab, B2B- oder B2C-Unternehmen wie chinesische innovative Markenunternehmen, grenz\u00fcberschreitende E-Commerce-Unternehmen und unabh\u00e4ngige Stationen, die planen, ihr Gesch\u00e4ft in Europa kr\u00e4ftig zu erweitern, zu begleiten; eine integrierte, sichtbare&hellip;<\/p>\n","protected":false},"author":1,"featured_media":0,"parent":0,"menu_order":8,"comment_status":"closed","ping_status":"closed","template":"","meta":[],"_links":{"self":[{"href":"https:\/\/miclogistik.de\/de\/wp-json\/wp\/v2\/pages\/1950"}],"collection":[{"href":"https:\/\/miclogistik.de\/de\/wp-json\/wp\/v2\/pages"}],"about":[{"href":"https:\/\/miclogistik.de\/de\/wp-json\/wp\/v2\/types\/page"}],"author":[{"embeddable":true,"href":"https:\/\/miclogistik.de\/de\/wp-json\/wp\/v2\/users\/1"}],"replies":[{"embeddable":true,"href":"https:\/\/miclogistik.de\/de\/wp-json\/wp\/v2\/comments?post=1950"}],"version-history":[{"count":6,"href":"https:\/\/miclogistik.de\/de\/wp-json\/wp\/v2\/pages\/1950\/revisions"}],"predecessor-version":[{"id":2083,"href":"https:\/\/miclogistik.de\/de\/wp-json\/wp\/v2\/pages\/1950\/revisions\/2083"}],"wp:attachment":[{"href":"https:\/\/miclogistik.de\/de\/wp-json\/wp\/v2\/media?parent=1950"}],"curies":[{"name":"wp","href":"https:\/\/api.w.org\/{rel}","templated":true}]}}